{"id":41891,"date":"2026-03-12T16:20:10","date_gmt":"2026-03-12T16:20:10","guid":{"rendered":"https:\/\/adidascombat.md\/product\/%d1%81%d1%83%d0%bc%d0%ba%d0%b0-%d0%ba%d0%be%d0%bc%d0%b0%d0%bd%d0%b4%d0%bd%d0%b0%d1%8f-mma\/"},"modified":"2026-03-12T16:21:56","modified_gmt":"2026-03-12T16:21:56","slug":"%d1%81%d1%83%d0%bc%d0%ba%d0%b0-%d0%ba%d0%be%d0%bc%d0%b0%d0%bd%d0%b4%d0%bd%d0%b0%d1%8f-mma","status":"publish","type":"product","link":"https:\/\/adidascombat.md\/ro\/Produs\/%d1%81%d1%83%d0%bc%d0%ba%d0%b0-%d0%ba%d0%be%d0%bc%d0%b0%d0%bd%d0%b4%d0%bd%d0%b0%d1%8f-mma\/","title":{"rendered":"Geant\u0103 de echip\u0103 MMA"},"content":{"rendered":"<p>Aceast\u0103 geant\u0103 este fabricat\u0103 dintr-un amestec de poliester \u0219i nailon (600D\/420D), are o curea de um\u0103r c\u0103ptu\u0219it\u0103, dou\u0103 buzunare exterioare mari \u0219i o baz\u0103 \u00eent\u0103rit\u0103.<\/p>\n<p><strong>Capacitate: 55 de litri.<\/strong><\/p>\n<p><strong>Dimensiuni: 62 x 30 x 30 cm.<\/strong><\/p>\n<p>Cu logo-ul MMA imprimat pe lateralul gen\u021bii, aceasta con\u021bine toate lucrurile esen\u021biale pentru antrenament, cu spa\u021biu amplu pentru \u00eembr\u0103c\u0103minte \u0219i echipament de protec\u021bie.<\/p>\n","protected":false},"excerpt":{"rendered":"<p>Aceast\u0103 geant\u0103 este fabricat\u0103 dintr-un amestec de poliester \u0219i nailon (600D\/420D), are o curea de um\u0103r c\u0103ptu\u0219it\u0103, dou\u0103 buzunare exterioare<\/p>\n","protected":false},"featured_media":41888,"comment_status":"open","ping_status":"closed","template":"","meta":[],"product_brand":[],"product_cat":[884,875],"product_tag":[],"class_list":{"0":"post-41891","1":"product","2":"type-product","3":"status-publish","4":"has-post-thumbnail","6":"product_cat-accesorii-13","7":"product_cat-mmafreefight-thaiboxing","9":"first","10":"instock","11":"shipping-taxable","12":"purchasable","13":"product-type-variable"},"_links":{"self":[{"href":"https:\/\/adidascombat.md\/ro\/wp-json\/wp\/v2\/product\/41891","targetHints":{"allow":["GET"]}}],"collection":[{"href":"https:\/\/adidascombat.md\/ro\/wp-json\/wp\/v2\/product"}],"about":[{"href":"https:\/\/adidascombat.md\/ro\/wp-json\/wp\/v2\/types\/product"}],"replies":[{"embeddable":true,"href":"https:\/\/adidascombat.md\/ro\/wp-json\/wp\/v2\/comments?post=41891"}],"version-history":[{"count":1,"href":"https:\/\/adidascombat.md\/ro\/wp-json\/wp\/v2\/product\/41891\/revisions"}],"predecessor-version":[{"id":41895,"href":"https:\/\/adidascombat.md\/ro\/wp-json\/wp\/v2\/product\/41891\/revisions\/41895"}],"wp:featuredmedia":[{"embeddable":true,"href":"https:\/\/adidascombat.md\/ro\/wp-json\/wp\/v2\/media\/41888"}],"wp:attachment":[{"href":"https:\/\/adidascombat.md\/ro\/wp-json\/wp\/v2\/media?parent=41891"}],"wp:term":[{"taxonomy":"product_brand","embeddable":true,"href":"https:\/\/adidascombat.md\/ro\/wp-json\/wp\/v2\/product_brand?post=41891"},{"taxonomy":"product_cat","embeddable":true,"href":"https:\/\/adidascombat.md\/ro\/wp-json\/wp\/v2\/product_cat?post=41891"},{"taxonomy":"product_tag","embeddable":true,"href":"https:\/\/adidascombat.md\/ro\/wp-json\/wp\/v2\/product_tag?post=41891"}],"curies":[{"name":"wp","href":"https:\/\/api.w.org\/{rel}","templated":true}]}}