{"id":42510,"date":"2026-03-23T07:36:12","date_gmt":"2026-03-23T07:36:12","guid":{"rendered":"https:\/\/adidascombat.md\/product\/%d0%b1%d0%be%d0%bb%d1%8c%d1%88%d0%b0%d1%8f-%d1%81%d1%83%d0%bc%d0%ba%d0%b0-%d0%ba%d1%83%d0%bd%d0%b3-%d1%84%d1%83\/"},"modified":"2026-03-23T07:37:11","modified_gmt":"2026-03-23T07:37:11","slug":"%d0%b1%d0%be%d0%bb%d1%8c%d1%88%d0%b0%d1%8f-%d1%81%d1%83%d0%bc%d0%ba%d0%b0-%d0%ba%d1%83%d0%bd%d0%b3-%d1%84%d1%83","status":"publish","type":"product","link":"https:\/\/adidascombat.md\/ro\/Produs\/%d0%b1%d0%be%d0%bb%d1%8c%d1%88%d0%b0%d1%8f-%d1%81%d1%83%d0%bc%d0%ba%d0%b0-%d0%ba%d1%83%d0%bd%d0%b3-%d1%84%d1%83\/","title":{"rendered":"Geant\u0103 mare de Kung Fu"},"content":{"rendered":"<p>Geant\u0103 robust\u0103 din amestec de poliester 600D\/nailon 420D, cu compartiment interior mare, curea de um\u0103r c\u0103ptu\u0219it\u0103, reglabil\u0103 \u0219i deta\u0219abil\u0103, m\u00e2nere robuste din \u021bes\u0103turi, buzunar ascuns pentru etichet\u0103, picioare din plastic, potrivit\u0103 pentru broderie sau imprimare.<\/p>\n<p><strong> Capacitate: 104 litri. <\/strong><\/p>\n<p><strong>Dimensiuni: 86 x 40 x 38 cm.<\/strong><\/p>\n<p>Imprimat\u0103 elegant cu designul sportului t\u0103u preferat.<\/p>\n","protected":false},"excerpt":{"rendered":"<p>Geant\u0103 robust\u0103 din amestec de poliester 600D\/nailon 420D, cu compartiment interior mare, curea de um\u0103r c\u0103ptu\u0219it\u0103, reglabil\u0103 \u0219i deta\u0219abil\u0103, m\u00e2nere<\/p>\n","protected":false},"featured_media":42506,"comment_status":"open","ping_status":"closed","template":"","meta":[],"product_brand":[],"product_cat":[870,860],"product_tag":[],"class_list":{"0":"post-42510","1":"product","2":"type-product","3":"status-publish","4":"has-post-thumbnail","6":"product_cat-accesorii-12","7":"product_cat-kungfutaichi-ro","9":"first","10":"instock","11":"shipping-taxable","12":"purchasable","13":"product-type-variable"},"_links":{"self":[{"href":"https:\/\/adidascombat.md\/ro\/wp-json\/wp\/v2\/product\/42510","targetHints":{"allow":["GET"]}}],"collection":[{"href":"https:\/\/adidascombat.md\/ro\/wp-json\/wp\/v2\/product"}],"about":[{"href":"https:\/\/adidascombat.md\/ro\/wp-json\/wp\/v2\/types\/product"}],"replies":[{"embeddable":true,"href":"https:\/\/adidascombat.md\/ro\/wp-json\/wp\/v2\/comments?post=42510"}],"version-history":[{"count":2,"href":"https:\/\/adidascombat.md\/ro\/wp-json\/wp\/v2\/product\/42510\/revisions"}],"predecessor-version":[{"id":42515,"href":"https:\/\/adidascombat.md\/ro\/wp-json\/wp\/v2\/product\/42510\/revisions\/42515"}],"wp:featuredmedia":[{"embeddable":true,"href":"https:\/\/adidascombat.md\/ro\/wp-json\/wp\/v2\/media\/42506"}],"wp:attachment":[{"href":"https:\/\/adidascombat.md\/ro\/wp-json\/wp\/v2\/media?parent=42510"}],"wp:term":[{"taxonomy":"product_brand","embeddable":true,"href":"https:\/\/adidascombat.md\/ro\/wp-json\/wp\/v2\/product_brand?post=42510"},{"taxonomy":"product_cat","embeddable":true,"href":"https:\/\/adidascombat.md\/ro\/wp-json\/wp\/v2\/product_cat?post=42510"},{"taxonomy":"product_tag","embeddable":true,"href":"https:\/\/adidascombat.md\/ro\/wp-json\/wp\/v2\/product_tag?post=42510"}],"curies":[{"name":"wp","href":"https:\/\/api.w.org\/{rel}","templated":true}]}}