{"id":42840,"date":"2026-04-30T12:43:06","date_gmt":"2026-04-30T12:43:06","guid":{"rendered":"https:\/\/adidascombat.md\/product\/%d0%b4%d0%b5%d1%82%d1%81%d0%ba%d0%b8%d0%b9-%d0%b1%d0%be%d0%ba%d1%81%d0%b5%d1%80%d1%81%d0%ba%d0%b8%d0%b9-%d0%ba%d0%be%d0%bc%d0%bf%d0%bb%d0%b5%d0%ba%d1%82-adidas-%d0%bf%d0%b5%d1%80%d1%87%d0%b0%d1%82\/"},"modified":"2026-04-30T12:45:18","modified_gmt":"2026-04-30T12:45:18","slug":"%d0%b4%d0%b5%d1%82%d1%81%d0%ba%d0%b8%d0%b9-%d0%b1%d0%be%d0%ba%d1%81%d0%b5%d1%80%d1%81%d0%ba%d0%b8%d0%b9-%d0%ba%d0%be%d0%bc%d0%bf%d0%bb%d0%b5%d0%ba%d1%82-adidas-%d0%bf%d0%b5%d1%80%d1%87%d0%b0%d1%82","status":"publish","type":"product","link":"https:\/\/adidascombat.md\/ro\/Produs\/%d0%b4%d0%b5%d1%82%d1%81%d0%ba%d0%b8%d0%b9-%d0%b1%d0%be%d0%ba%d1%81%d0%b5%d1%80%d1%81%d0%ba%d0%b8%d0%b9-%d0%ba%d0%be%d0%bc%d0%bf%d0%bb%d0%b5%d0%ba%d1%82-adidas-%d0%bf%d0%b5%d1%80%d1%87%d0%b0%d1%82\/","title":{"rendered":"Echipament box Adidas pentru copii &#8211; M\u0103nu\u0219i \u0219i prosoape de antrenament, set 21"},"content":{"rendered":"<p>Acest kit de box adidas Kids Boxing Kit21 include o pereche de m\u0103nu\u0219i de box (8 sau 10 oz) \u0219i o pereche de tampoane de box, special concepute pentru copii.<\/p>\n<p>M\u0103nu\u0219ile de box sunt fabricate din piele sintetic\u0103 durabil\u0103 \u0219i sunt ideale pentru boxerii amatori sau \u00eencep\u0103tori. Cele dou\u0103 tampoane sunt, de asemenea, fabricate din piele sintetic\u0103 durabil\u0103 \u0219i au m\u0103rimi standard pentru copii.<\/p>\n","protected":false},"excerpt":{"rendered":"<p>Acest kit de box adidas Kids Boxing Kit21 include o pereche de m\u0103nu\u0219i de box (8 sau 10 oz) \u0219i<\/p>\n","protected":false},"featured_media":42827,"comment_status":"open","ping_status":"closed","template":"","meta":[],"product_brand":[],"product_cat":[517,936],"product_tag":[],"class_list":{"0":"post-42840","1":"product","2":"type-product","3":"status-publish","4":"has-post-thumbnail","6":"product_cat-adidas-box-ro","7":"product_cat-box-copii-ro-4","9":"first","10":"instock","11":"shipping-taxable","12":"purchasable","13":"product-type-variable"},"_links":{"self":[{"href":"https:\/\/adidascombat.md\/ro\/wp-json\/wp\/v2\/product\/42840","targetHints":{"allow":["GET"]}}],"collection":[{"href":"https:\/\/adidascombat.md\/ro\/wp-json\/wp\/v2\/product"}],"about":[{"href":"https:\/\/adidascombat.md\/ro\/wp-json\/wp\/v2\/types\/product"}],"replies":[{"embeddable":true,"href":"https:\/\/adidascombat.md\/ro\/wp-json\/wp\/v2\/comments?post=42840"}],"version-history":[{"count":2,"href":"https:\/\/adidascombat.md\/ro\/wp-json\/wp\/v2\/product\/42840\/revisions"}],"predecessor-version":[{"id":42844,"href":"https:\/\/adidascombat.md\/ro\/wp-json\/wp\/v2\/product\/42840\/revisions\/42844"}],"wp:featuredmedia":[{"embeddable":true,"href":"https:\/\/adidascombat.md\/ro\/wp-json\/wp\/v2\/media\/42827"}],"wp:attachment":[{"href":"https:\/\/adidascombat.md\/ro\/wp-json\/wp\/v2\/media?parent=42840"}],"wp:term":[{"taxonomy":"product_brand","embeddable":true,"href":"https:\/\/adidascombat.md\/ro\/wp-json\/wp\/v2\/product_brand?post=42840"},{"taxonomy":"product_cat","embeddable":true,"href":"https:\/\/adidascombat.md\/ro\/wp-json\/wp\/v2\/product_cat?post=42840"},{"taxonomy":"product_tag","embeddable":true,"href":"https:\/\/adidascombat.md\/ro\/wp-json\/wp\/v2\/product_tag?post=42840"}],"curies":[{"name":"wp","href":"https:\/\/api.w.org\/{rel}","templated":true}]}}