{"id":43179,"date":"2026-05-02T15:20:44","date_gmt":"2026-05-02T15:20:44","guid":{"rendered":"https:\/\/adidascombat.md\/product\/%d0%be%d1%81%d0%bd%d0%be%d0%b2%d0%b0%d0%bd%d0%b8%d0%b5-%d0%b4%d0%bb%d1%8f-%d0%b1%d0%be%d0%ba%d1%81%d0%b5%d1%80%d1%81%d0%ba%d0%be%d0%b9-%d0%b3%d1%80%d1%83%d1%88%d0%b8-adidas-%d1%83%d1%81%d1%82%d0%be\/"},"modified":"2026-05-02T15:21:54","modified_gmt":"2026-05-02T15:21:54","slug":"%d0%be%d1%81%d0%bd%d0%be%d0%b2%d0%b0%d0%bd%d0%b8%d0%b5-%d0%b4%d0%bb%d1%8f-%d0%b1%d0%be%d0%ba%d1%81%d0%b5%d1%80%d1%81%d0%ba%d0%be%d0%b9-%d0%b3%d1%80%d1%83%d1%88%d0%b8-adidas-%d1%83%d1%81%d1%82%d0%be","status":"publish","type":"product","link":"https:\/\/adidascombat.md\/ro\/Produs\/%d0%be%d1%81%d0%bd%d0%be%d0%b2%d0%b0%d0%bd%d0%b8%d0%b5-%d0%b4%d0%bb%d1%8f-%d0%b1%d0%be%d0%ba%d1%81%d0%b5%d1%80%d1%81%d0%ba%d0%be%d0%b9-%d0%b3%d1%80%d1%83%d1%88%d0%b8-adidas-%d1%83%d1%81%d1%82%d0%be\/","title":{"rendered":"Baz\u0103 pentru sac de box adidas, stabil\u0103 \u0219i potrivit\u0103 pentru 4 elemente suplimentare, MFSB1"},"content":{"rendered":"<p><strong>Baza pentru suportul modular adidas este compatibil\u0103 cu 4 accesorii suplimentare.<\/strong><\/p>\n<p><strong>Baz\u0103:<\/strong> Baz\u0103 din o\u021bel durabil<\/p>\n<p><strong>Greutate:<\/strong> Sac de nisip din poliester (suport\u0103 p\u00e2n\u0103 la 40 kg de nisip)<\/p>\n<p><strong>Montare:<\/strong> Curea din nailon durabil\u0103<\/p>\n<p><strong>Stabilitate:<\/strong> Foarte stabil\u0103 &#8211; nu se clatin\u0103 \u0219i nu se r\u0103stoarn\u0103<\/p>\n","protected":false},"excerpt":{"rendered":"<p>Baza pentru suportul modular adidas este compatibil\u0103 cu 4 accesorii suplimentare. Baz\u0103: Baz\u0103 din o\u021bel durabil Greutate: Sac de nisip<\/p>\n","protected":false},"featured_media":43170,"comment_status":"open","ping_status":"closed","template":"","meta":[],"product_brand":[],"product_cat":[517,757,79,938,81,875,781,539],"product_tag":[],"class_list":{"0":"post-43179","1":"product","2":"type-product","3":"status-publish","4":"has-post-thumbnail","6":"product_cat-adidas-box-ro","7":"product_cat-adidas-kickbox-ro","8":"product_cat-adidas-taekwondo-ro","9":"product_cat-manechini-si-saci-de-box-13","10":"product_cat-manechine-si-saci-de-box","11":"product_cat-mmafreefight-thaiboxing","12":"product_cat-saci-ro-5","13":"product_cat-saci-ro-4","15":"first","16":"instock","17":"shipping-taxable","18":"purchasable","19":"product-type-simple"},"_links":{"self":[{"href":"https:\/\/adidascombat.md\/ro\/wp-json\/wp\/v2\/product\/43179","targetHints":{"allow":["GET"]}}],"collection":[{"href":"https:\/\/adidascombat.md\/ro\/wp-json\/wp\/v2\/product"}],"about":[{"href":"https:\/\/adidascombat.md\/ro\/wp-json\/wp\/v2\/types\/product"}],"replies":[{"embeddable":true,"href":"https:\/\/adidascombat.md\/ro\/wp-json\/wp\/v2\/comments?post=43179"}],"version-history":[{"count":1,"href":"https:\/\/adidascombat.md\/ro\/wp-json\/wp\/v2\/product\/43179\/revisions"}],"predecessor-version":[{"id":43180,"href":"https:\/\/adidascombat.md\/ro\/wp-json\/wp\/v2\/product\/43179\/revisions\/43180"}],"wp:featuredmedia":[{"embeddable":true,"href":"https:\/\/adidascombat.md\/ro\/wp-json\/wp\/v2\/media\/43170"}],"wp:attachment":[{"href":"https:\/\/adidascombat.md\/ro\/wp-json\/wp\/v2\/media?parent=43179"}],"wp:term":[{"taxonomy":"product_brand","embeddable":true,"href":"https:\/\/adidascombat.md\/ro\/wp-json\/wp\/v2\/product_brand?post=43179"},{"taxonomy":"product_cat","embeddable":true,"href":"https:\/\/adidascombat.md\/ro\/wp-json\/wp\/v2\/product_cat?post=43179"},{"taxonomy":"product_tag","embeddable":true,"href":"https:\/\/adidascombat.md\/ro\/wp-json\/wp\/v2\/product_tag?post=43179"}],"curies":[{"name":"wp","href":"https:\/\/api.w.org\/{rel}","templated":true}]}}