{"id":43194,"date":"2026-05-02T15:27:17","date_gmt":"2026-05-02T15:27:17","guid":{"rendered":"https:\/\/adidascombat.md\/product\/%d0%bd%d0%b0%d1%81%d1%82%d0%b5%d0%bd%d0%bd%d1%8b%d0%b9-%d0%b8%d0%bd%d1%82%d0%b5%d0%bb%d0%bb%d0%b5%d0%ba%d1%82%d1%83%d0%b0%d0%bb%d1%8c%d0%bd%d1%8b%d0%b9-%d1%82%d1%80%d0%b5%d0%bd%d0%b0%d0%b6%d0%b5%d1%80\/"},"modified":"2026-05-02T15:28:09","modified_gmt":"2026-05-02T15:28:09","slug":"%d0%bd%d0%b0%d1%81%d1%82%d0%b5%d0%bd%d0%bd%d1%8b%d0%b9-%d0%b8%d0%bd%d1%82%d0%b5%d0%bb%d0%bb%d0%b5%d0%ba%d1%82%d1%83%d0%b0%d0%bb%d1%8c%d0%bd%d1%8b%d0%b9-%d1%82%d1%80%d0%b5%d0%bd%d0%b0%d0%b6%d0%b5%d1%80","status":"publish","type":"product","link":"https:\/\/adidascombat.md\/ro\/Produs\/%d0%bd%d0%b0%d1%81%d1%82%d0%b5%d0%bd%d0%bd%d1%8b%d0%b9-%d0%b8%d0%bd%d1%82%d0%b5%d0%bb%d0%bb%d0%b5%d0%ba%d1%82%d1%83%d0%b0%d0%bb%d1%8c%d0%bd%d1%8b%d0%b9-%d1%82%d1%80%d0%b5%d0%bd%d0%b0%d0%b6%d0%b5%d1%80\/","title":{"rendered":"Simulator inteligent de r\u0103spuns rapid montat pe perete"},"content":{"rendered":"<p>\u021aint\u0103 rotativ\u0103 de perforare &#8211; B\u0103\u021b din spum\u0103 cu \u00eenveli\u0219 poliuretanic<\/p>\n<p>Greutate: 3,5 kg<\/p>\n","protected":false},"excerpt":{"rendered":"<p>\u021aint\u0103 rotativ\u0103 de perforare &#8211; B\u0103\u021b din spum\u0103 cu \u00eenveli\u0219 poliuretanic Greutate: 3,5 kg<\/p>\n","protected":false},"featured_media":43183,"comment_status":"open","ping_status":"closed","template":"","meta":[],"product_brand":[],"product_cat":[517,757,79,938,81,875,781,539],"product_tag":[],"class_list":{"0":"post-43194","1":"product","2":"type-product","3":"status-publish","4":"has-post-thumbnail","6":"product_cat-adidas-box-ro","7":"product_cat-adidas-kickbox-ro","8":"product_cat-adidas-taekwondo-ro","9":"product_cat-manechini-si-saci-de-box-13","10":"product_cat-manechine-si-saci-de-box","11":"product_cat-mmafreefight-thaiboxing","12":"product_cat-saci-ro-5","13":"product_cat-saci-ro-4","15":"first","16":"instock","17":"shipping-taxable","18":"purchasable","19":"product-type-simple"},"_links":{"self":[{"href":"https:\/\/adidascombat.md\/ro\/wp-json\/wp\/v2\/product\/43194","targetHints":{"allow":["GET"]}}],"collection":[{"href":"https:\/\/adidascombat.md\/ro\/wp-json\/wp\/v2\/product"}],"about":[{"href":"https:\/\/adidascombat.md\/ro\/wp-json\/wp\/v2\/types\/product"}],"replies":[{"embeddable":true,"href":"https:\/\/adidascombat.md\/ro\/wp-json\/wp\/v2\/comments?post=43194"}],"version-history":[{"count":2,"href":"https:\/\/adidascombat.md\/ro\/wp-json\/wp\/v2\/product\/43194\/revisions"}],"predecessor-version":[{"id":43196,"href":"https:\/\/adidascombat.md\/ro\/wp-json\/wp\/v2\/product\/43194\/revisions\/43196"}],"wp:featuredmedia":[{"embeddable":true,"href":"https:\/\/adidascombat.md\/ro\/wp-json\/wp\/v2\/media\/43183"}],"wp:attachment":[{"href":"https:\/\/adidascombat.md\/ro\/wp-json\/wp\/v2\/media?parent=43194"}],"wp:term":[{"taxonomy":"product_brand","embeddable":true,"href":"https:\/\/adidascombat.md\/ro\/wp-json\/wp\/v2\/product_brand?post=43194"},{"taxonomy":"product_cat","embeddable":true,"href":"https:\/\/adidascombat.md\/ro\/wp-json\/wp\/v2\/product_cat?post=43194"},{"taxonomy":"product_tag","embeddable":true,"href":"https:\/\/adidascombat.md\/ro\/wp-json\/wp\/v2\/product_tag?post=43194"}],"curies":[{"name":"wp","href":"https:\/\/api.w.org\/{rel}","templated":true}]}}