{"id":8866,"date":"2024-04-23T12:42:07","date_gmt":"2024-04-23T12:42:07","guid":{"rendered":"https:\/\/adidascombat.md\/product\/ju-sports-karate-gi-master-12-oz\/"},"modified":"2024-10-24T15:39:41","modified_gmt":"2024-10-24T15:39:41","slug":"ju-sports-karate-gi-master-12-oz","status":"publish","type":"product","link":"https:\/\/adidascombat.md\/ro\/Produs\/ju-sports-karate-gi-master-12-oz\/","title":{"rendered":"Ju-Sports karate gi Master 12 oz."},"content":{"rendered":"<p id=\"tw-target-text\" class=\"tw-data-text tw-text-large tw-ta\" dir=\"ltr\" data-placeholder=\"\u041f\u0435\u0440\u0435\u0432\u043e\u0434\" data-ved=\"2ahUKEwi-j8CmrKeJAxX_xQIHHX68C9AQ3ewLegQIBxAU\" aria-label=\"\u041f\u0435\u0440\u0435\u0432\u0435\u0434\u0435\u043d\u043d\u044b\u0439 \u0442\u0435\u043a\u0441\u0442: Wednesday (12 oz) Master vine \u00eentr-o lungime standard \u0219i cu \u0219ireturi tradi\u021bionale pentru pantaloni. \u00a0\u021aes\u0103tura de p\u00e2nz\u0103 presp\u0103lat\u0103 este durabil\u0103 \u0219i nu se mai mic\u0219oreaz\u0103 foarte mult, capetele m\u00e2necilor sunt puternic matlasate \u0219i creeaz\u0103 un efect sonor puternic. \u00a0100% bumbac Particularitati: Europa Central\u0103 Pantaloni cu \u0219ireturi tradi\u021bionale p\u00e2nz\u0103 rezistent\u0103\"><span class=\"Y2IQFc\" lang=\"ro\">\u00a0(12 oz) Master vine \u00eentr-o lungime standard \u0219i cu \u0219ireturi tradi\u021bionale pentru pantaloni.<\/span><\/p>\n<p class=\"tw-data-text tw-text-large tw-ta\" dir=\"ltr\" data-placeholder=\"\u041f\u0435\u0440\u0435\u0432\u043e\u0434\" data-ved=\"2ahUKEwi-j8CmrKeJAxX_xQIHHX68C9AQ3ewLegQIBxAU\" aria-label=\"\u041f\u0435\u0440\u0435\u0432\u0435\u0434\u0435\u043d\u043d\u044b\u0439 \u0442\u0435\u043a\u0441\u0442: Wednesday (12 oz) Master vine \u00eentr-o lungime standard \u0219i cu \u0219ireturi tradi\u021bionale pentru pantaloni. \u00a0\u021aes\u0103tura de p\u00e2nz\u0103 presp\u0103lat\u0103 este durabil\u0103 \u0219i nu se mai mic\u0219oreaz\u0103 foarte mult, capetele m\u00e2necilor sunt puternic matlasate \u0219i creeaz\u0103 un efect sonor puternic. \u00a0100% bumbac Particularitati: Europa Central\u0103 Pantaloni cu \u0219ireturi tradi\u021bionale p\u00e2nz\u0103 rezistent\u0103\"><span class=\"Y2IQFc\" lang=\"ro\">\u00a0 \u021aes\u0103tura de p\u00e2nz\u0103 presp\u0103lat\u0103 este durabil\u0103 \u0219i nu se mai mic\u0219oreaz\u0103 foarte mult, capetele m\u00e2necilor sunt puternic matlasate \u0219i creeaz\u0103 un efect sonor puternic. \u00a0<\/span><\/p>\n<p class=\"tw-data-text tw-text-large tw-ta\" dir=\"ltr\" data-placeholder=\"\u041f\u0435\u0440\u0435\u0432\u043e\u0434\" data-ved=\"2ahUKEwi-j8CmrKeJAxX_xQIHHX68C9AQ3ewLegQIBxAU\" aria-label=\"\u041f\u0435\u0440\u0435\u0432\u0435\u0434\u0435\u043d\u043d\u044b\u0439 \u0442\u0435\u043a\u0441\u0442: Wednesday (12 oz) Master vine \u00eentr-o lungime standard \u0219i cu \u0219ireturi tradi\u021bionale pentru pantaloni. \u00a0\u021aes\u0103tura de p\u00e2nz\u0103 presp\u0103lat\u0103 este durabil\u0103 \u0219i nu se mai mic\u0219oreaz\u0103 foarte mult, capetele m\u00e2necilor sunt puternic matlasate \u0219i creeaz\u0103 un efect sonor puternic. \u00a0100% bumbac Particularitati: Europa Central\u0103 Pantaloni cu \u0219ireturi tradi\u021bionale p\u00e2nz\u0103 rezistent\u0103\"><span class=\"Y2IQFc\" lang=\"ro\">100% bumbac <\/span><\/p>\n<p class=\"tw-data-text tw-text-large tw-ta\" dir=\"ltr\" data-placeholder=\"\u041f\u0435\u0440\u0435\u0432\u043e\u0434\" data-ved=\"2ahUKEwi-j8CmrKeJAxX_xQIHHX68C9AQ3ewLegQIBxAU\" aria-label=\"\u041f\u0435\u0440\u0435\u0432\u0435\u0434\u0435\u043d\u043d\u044b\u0439 \u0442\u0435\u043a\u0441\u0442: Wednesday (12 oz) Master vine \u00eentr-o lungime standard \u0219i cu \u0219ireturi tradi\u021bionale pentru pantaloni. \u00a0\u021aes\u0103tura de p\u00e2nz\u0103 presp\u0103lat\u0103 este durabil\u0103 \u0219i nu se mai mic\u0219oreaz\u0103 foarte mult, capetele m\u00e2necilor sunt puternic matlasate \u0219i creeaz\u0103 un efect sonor puternic. \u00a0100% bumbac Particularitati: Europa Central\u0103 Pantaloni cu \u0219ireturi tradi\u021bionale p\u00e2nz\u0103 rezistent\u0103\">\n","protected":false},"excerpt":{"rendered":"<p>\u00a0(12 oz) Master vine \u00eentr-o lungime standard \u0219i cu \u0219ireturi tradi\u021bionale pentru pantaloni. \u00a0 \u021aes\u0103tura de p\u00e2nz\u0103 presp\u0103lat\u0103 este durabil\u0103<\/p>\n","protected":false},"featured_media":8854,"comment_status":"open","ping_status":"closed","template":"","meta":[],"product_brand":[],"product_cat":[137,160],"product_tag":[],"class_list":{"0":"post-8866","1":"product","2":"type-product","3":"status-publish","4":"has-post-thumbnail","6":"product_cat-adidas-karate-ro","7":"product_cat-ji-ro","9":"first","10":"instock","11":"shipping-taxable","12":"purchasable","13":"product-type-variable"},"_links":{"self":[{"href":"https:\/\/adidascombat.md\/ro\/wp-json\/wp\/v2\/product\/8866","targetHints":{"allow":["GET"]}}],"collection":[{"href":"https:\/\/adidascombat.md\/ro\/wp-json\/wp\/v2\/product"}],"about":[{"href":"https:\/\/adidascombat.md\/ro\/wp-json\/wp\/v2\/types\/product"}],"replies":[{"embeddable":true,"href":"https:\/\/adidascombat.md\/ro\/wp-json\/wp\/v2\/comments?post=8866"}],"version-history":[{"count":2,"href":"https:\/\/adidascombat.md\/ro\/wp-json\/wp\/v2\/product\/8866\/revisions"}],"predecessor-version":[{"id":20650,"href":"https:\/\/adidascombat.md\/ro\/wp-json\/wp\/v2\/product\/8866\/revisions\/20650"}],"wp:featuredmedia":[{"embeddable":true,"href":"https:\/\/adidascombat.md\/ro\/wp-json\/wp\/v2\/media\/8854"}],"wp:attachment":[{"href":"https:\/\/adidascombat.md\/ro\/wp-json\/wp\/v2\/media?parent=8866"}],"wp:term":[{"taxonomy":"product_brand","embeddable":true,"href":"https:\/\/adidascombat.md\/ro\/wp-json\/wp\/v2\/product_brand?post=8866"},{"taxonomy":"product_cat","embeddable":true,"href":"https:\/\/adidascombat.md\/ro\/wp-json\/wp\/v2\/product_cat?post=8866"},{"taxonomy":"product_tag","embeddable":true,"href":"https:\/\/adidascombat.md\/ro\/wp-json\/wp\/v2\/product_tag?post=8866"}],"curies":[{"name":"wp","href":"https:\/\/api.w.org\/{rel}","templated":true}]}}