{"id":8926,"date":"2024-04-23T12:58:49","date_gmt":"2024-04-23T12:58:49","guid":{"rendered":"https:\/\/adidascombat.md\/product\/adidas-karate-gi-kumite-fighter-k220kf-2\/"},"modified":"2024-10-25T06:48:38","modified_gmt":"2024-10-25T06:48:38","slug":"adidas-karate-gi-kumite-fighter-k220kf-2","status":"publish","type":"product","link":"https:\/\/adidascombat.md\/ro\/Produs\/adidas-karate-gi-kumite-fighter-k220kf-2\/","title":{"rendered":"Adidas karate gi Kumite fighter K220KF"},"content":{"rendered":"<p>Noul adidas Kumite Karate Suit DNA, format dintr-o jachet\u0103 \u0219i pantaloni cu talie elastic\u0103 \u0219i snur rotund. Acest costum este o nou\u0103 inova\u021bie de la adidas.<br \/>\nMaterialul respirabil \u0219i u\u0219or asigur\u0103 cea mai mare libertate de mi\u0219care posibil\u0103. Panourile flexibile din plas\u0103 sub bra\u021be asigur\u0103 o mai bun\u0103 circula\u021bie a aerului \u0219i o mai mare libertate de mi\u0219care.<\/p>\n<p>Panoul din plas\u0103 reproiectat de pe panoul din spate ofer\u0103 o respirabilitate \u0219i mai mare \u0219i impresioneaz\u0103 prin cele 3 benzi integrate.<\/p>\n<p>\u021aes\u0103tur\u0103 neted\u0103 cu presiune a fost \u00eencorporat\u0103 \u00een zona umerilor pentru o experien\u021b\u0103 de purtare confortabil\u0103, f\u0103r\u0103 frecare. Croiala optimizata asigura o potrivire optima. Tesatura mixta face costumul foarte confortabil de purtat. Brandul este brodat \u00een negru cu noul logo adidas.<\/p>\n<p><strong>\u00a0Propriet\u0103\u021bi:<\/strong><\/p>\n<p><strong>&#8211; Material u\u0219or \u0219i moale<\/strong><br \/>\n<strong>&#8211; 65% poliester \u0219i 35% bumbac<\/strong><br \/>\n<strong>&#8211; Tehnologia ClimaCOOL\u00ae pe spate, sub brate si in zona intregii<\/strong><br \/>\n<strong>&#8211; Greutate material aprox. 220 g\/m\u00b2 (aproximativ 8 oz)<\/strong><br \/>\n<strong>&#8211; Aprobat WKF<\/strong><br \/>\n<strong>&#8211; Const\u0103 dintr-o jachet\u0103 \u0219i pantaloni cu talie elastic\u0103 \u0219i \u0219nur rotund.<\/strong><\/p>\n","protected":false},"excerpt":{"rendered":"<p>Noul adidas Kumite Karate Suit DNA, format dintr-o jachet\u0103 \u0219i pantaloni cu talie elastic\u0103 \u0219i snur rotund. Acest costum este<\/p>\n","protected":false},"featured_media":8898,"comment_status":"open","ping_status":"closed","template":"","meta":[],"product_brand":[],"product_cat":[137,160],"product_tag":[],"class_list":{"0":"post-8926","1":"product","2":"type-product","3":"status-publish","4":"has-post-thumbnail","6":"product_cat-adidas-karate-ro","7":"product_cat-ji-ro","9":"first","10":"instock","11":"shipping-taxable","12":"purchasable","13":"product-type-variable"},"_links":{"self":[{"href":"https:\/\/adidascombat.md\/ro\/wp-json\/wp\/v2\/product\/8926","targetHints":{"allow":["GET"]}}],"collection":[{"href":"https:\/\/adidascombat.md\/ro\/wp-json\/wp\/v2\/product"}],"about":[{"href":"https:\/\/adidascombat.md\/ro\/wp-json\/wp\/v2\/types\/product"}],"replies":[{"embeddable":true,"href":"https:\/\/adidascombat.md\/ro\/wp-json\/wp\/v2\/comments?post=8926"}],"version-history":[{"count":2,"href":"https:\/\/adidascombat.md\/ro\/wp-json\/wp\/v2\/product\/8926\/revisions"}],"predecessor-version":[{"id":20739,"href":"https:\/\/adidascombat.md\/ro\/wp-json\/wp\/v2\/product\/8926\/revisions\/20739"}],"wp:featuredmedia":[{"embeddable":true,"href":"https:\/\/adidascombat.md\/ro\/wp-json\/wp\/v2\/media\/8898"}],"wp:attachment":[{"href":"https:\/\/adidascombat.md\/ro\/wp-json\/wp\/v2\/media?parent=8926"}],"wp:term":[{"taxonomy":"product_brand","embeddable":true,"href":"https:\/\/adidascombat.md\/ro\/wp-json\/wp\/v2\/product_brand?post=8926"},{"taxonomy":"product_cat","embeddable":true,"href":"https:\/\/adidascombat.md\/ro\/wp-json\/wp\/v2\/product_cat?post=8926"},{"taxonomy":"product_tag","embeddable":true,"href":"https:\/\/adidascombat.md\/ro\/wp-json\/wp\/v2\/product_tag?post=8926"}],"curies":[{"name":"wp","href":"https:\/\/api.w.org\/{rel}","templated":true}]}}