{"id":9007,"date":"2024-04-23T13:15:16","date_gmt":"2024-04-23T13:15:16","guid":{"rendered":"https:\/\/adidascombat.md\/product\/adidas-kata-karateanzug-shori-k999\/"},"modified":"2024-10-25T07:16:23","modified_gmt":"2024-10-25T07:16:23","slug":"adidas-kata-karateanzug-shori-k999","status":"publish","type":"product","link":"https:\/\/adidascombat.md\/ro\/Produs\/adidas-kata-karateanzug-shori-k999\/","title":{"rendered":"Adidas Kata-Karateanzug Shori, K999"},"content":{"rendered":"<p>Cea mai recent\u0103 inova\u021bie de la adidas, costumul Shori Karate Kat. Acest costum a fost dezvoltat \u00een colaborare cu exper\u021bi de top \u00een kata \u0219i este de o calitate premium excelent\u0103. \u021aes\u0103tura rezistent\u0103 are o suprafa\u021b\u0103 pl\u0103cut\u0103, neted\u0103. Datorit\u0103 tehnicii de amestecare \u0219i fire de \u00eenalt\u0103 rezisten\u021b\u0103 (60% bumbac\/40% poliester), costumul nu se mic\u0219oreaz\u0103 mult la sp\u0103lare (30 de grade &#8211; f\u0103r\u0103 balsam!).<\/p>\n<p>Datorit\u0103 stratului dublu de la capetele m\u00e2necilor jachetei \u0219i cus\u0103turii de 10 ori, acest costum este foarte potrivit pentru sportivii de competi\u021bie. De asemenea, cus\u0103turile de la cap\u0103tul jachetei asigur\u0103 stabilizarea pentru a se asigura c\u0103 costumul se potrive\u0219te perfect. Logo-ul este \u00een mod tradi\u021bional brodat \u00een negru pe partea dreapt\u0103 a pieptului \u0219i a g\u00e2tului.<\/p>\n<p>Pantalonii sunt confectionati in croiala traditionala kata, picioarele pantalonilor sunt mai scurte si au o talie cu siret pentru ajustare individuala. O inser\u021bie din plas\u0103 pe talie din interiorul pantalonilor le face s\u0103 se potriveasc\u0103 confortabil \u0219i nu zdrobe\u0219te pielea. Acest costum este disponibil \u00een m\u0103rimi 160-195 cm \u00een trepte de 5 cm. Costumul Shori Karate este aprobat \u0219i aprobat ca costum de competi\u021bie la toate campionatele Federa\u021biei Mondiale de Karate.<\/p>\n<p>Propriet\u0103\u021bi<\/p>\n<p>&#8211; Costum de karate de prim\u0103 clas\u0103, aprobat WKF desigur.<br \/>\n&#8211; Fabricat din material greu, zgomotos. Cea mai bun\u0103 manopera.<br \/>\n&#8211; Strat dublu de material la capetele manecilor, jacheta, picioarele pantalonilor format dintr-o jachet\u0103 \u0219i pantaloni cu o curea tradi\u021bional\u0103 cu \u0219ireturi<br \/>\n&#8211; \u00centr-o croial\u0103 japonez\u0103 special\u0103: m\u00e2neci mai scurte \u0219i picioare ale pantalonilor<br \/>\n&#8211; Material: 60% bumbac \/ 40% poliester<br \/>\n&#8211; Greutate material: aprox. 380 g\/m\u00b2 (aproximativ 14 oz).<\/p>\n","protected":false},"excerpt":{"rendered":"<p>Cea mai recent\u0103 inova\u021bie de la adidas, costumul Shori Karate Kat. Acest costum a fost dezvoltat \u00een colaborare cu exper\u021bi<\/p>\n","protected":false},"featured_media":8993,"comment_status":"open","ping_status":"closed","template":"","meta":[],"product_brand":[],"product_cat":[137,160],"product_tag":[],"class_list":{"0":"post-9007","1":"product","2":"type-product","3":"status-publish","4":"has-post-thumbnail","6":"product_cat-adidas-karate-ro","7":"product_cat-ji-ro","9":"first","10":"instock","11":"shipping-taxable","12":"purchasable","13":"product-type-variable"},"_links":{"self":[{"href":"https:\/\/adidascombat.md\/ro\/wp-json\/wp\/v2\/product\/9007","targetHints":{"allow":["GET"]}}],"collection":[{"href":"https:\/\/adidascombat.md\/ro\/wp-json\/wp\/v2\/product"}],"about":[{"href":"https:\/\/adidascombat.md\/ro\/wp-json\/wp\/v2\/types\/product"}],"replies":[{"embeddable":true,"href":"https:\/\/adidascombat.md\/ro\/wp-json\/wp\/v2\/comments?post=9007"}],"version-history":[{"count":2,"href":"https:\/\/adidascombat.md\/ro\/wp-json\/wp\/v2\/product\/9007\/revisions"}],"predecessor-version":[{"id":20819,"href":"https:\/\/adidascombat.md\/ro\/wp-json\/wp\/v2\/product\/9007\/revisions\/20819"}],"wp:featuredmedia":[{"embeddable":true,"href":"https:\/\/adidascombat.md\/ro\/wp-json\/wp\/v2\/media\/8993"}],"wp:attachment":[{"href":"https:\/\/adidascombat.md\/ro\/wp-json\/wp\/v2\/media?parent=9007"}],"wp:term":[{"taxonomy":"product_brand","embeddable":true,"href":"https:\/\/adidascombat.md\/ro\/wp-json\/wp\/v2\/product_brand?post=9007"},{"taxonomy":"product_cat","embeddable":true,"href":"https:\/\/adidascombat.md\/ro\/wp-json\/wp\/v2\/product_cat?post=9007"},{"taxonomy":"product_tag","embeddable":true,"href":"https:\/\/adidascombat.md\/ro\/wp-json\/wp\/v2\/product_tag?post=9007"}],"curies":[{"name":"wp","href":"https:\/\/api.w.org\/{rel}","templated":true}]}}