{"id":9548,"date":"2024-04-24T08:04:14","date_gmt":"2024-04-24T08:04:14","guid":{"rendered":"https:\/\/adidascombat.md\/product\/ju-sports-karate-shin-instep-protector\/"},"modified":"2024-10-29T17:39:24","modified_gmt":"2024-10-29T17:39:24","slug":"ju-sports-karate-shin-instep-protector","status":"publish","type":"product","link":"https:\/\/adidascombat.md\/ro\/Produs\/ju-sports-karate-shin-instep-protector\/","title":{"rendered":"Ju-Sports Karate Shin &amp; Instep Protector"},"content":{"rendered":"<p>Piele sintetic\u0103 \u0219i combina\u021bie de protec\u021bie pentru tibie pentru competi\u021bii de karate. \u00cenchiderile cu velcro durabile \u0219i c\u0103ptu\u0219eala pre-curbat\u0103 asigur\u0103 o potrivire perfect\u0103. Disponibil \u00een culorile albastru \u0219i ro\u0219u.<\/p>\n<p>Particularitati:<br \/>\n&#8211; Protector pentru coloana de karate<br \/>\n&#8211; ro\u0219u \u0219i albastru disponibil \u00een S-XL<br \/>\n&#8211; Preformat anatomic<br \/>\n&#8211; Fixare stabil\u0103<\/p>\n","protected":false},"excerpt":{"rendered":"<p>Piele sintetic\u0103 \u0219i combina\u021bie de protec\u021bie pentru tibie pentru competi\u021bii de karate. \u00cenchiderile cu velcro durabile \u0219i c\u0103ptu\u0219eala pre-curbat\u0103 asigur\u0103<\/p>\n","protected":false},"featured_media":30870,"comment_status":"open","ping_status":"closed","template":"","meta":[],"product_brand":[],"product_cat":[137,151],"product_tag":[],"class_list":{"0":"post-9548","1":"product","2":"type-product","3":"status-publish","4":"has-post-thumbnail","6":"product_cat-adidas-karate-ro","7":"product_cat-echipament-de-protectie-ro-2","9":"first","10":"instock","11":"shipping-taxable","12":"purchasable","13":"product-type-variable"},"_links":{"self":[{"href":"https:\/\/adidascombat.md\/ro\/wp-json\/wp\/v2\/product\/9548","targetHints":{"allow":["GET"]}}],"collection":[{"href":"https:\/\/adidascombat.md\/ro\/wp-json\/wp\/v2\/product"}],"about":[{"href":"https:\/\/adidascombat.md\/ro\/wp-json\/wp\/v2\/types\/product"}],"replies":[{"embeddable":true,"href":"https:\/\/adidascombat.md\/ro\/wp-json\/wp\/v2\/comments?post=9548"}],"version-history":[{"count":3,"href":"https:\/\/adidascombat.md\/ro\/wp-json\/wp\/v2\/product\/9548\/revisions"}],"predecessor-version":[{"id":20986,"href":"https:\/\/adidascombat.md\/ro\/wp-json\/wp\/v2\/product\/9548\/revisions\/20986"}],"wp:featuredmedia":[{"embeddable":true,"href":"https:\/\/adidascombat.md\/ro\/wp-json\/wp\/v2\/media\/30870"}],"wp:attachment":[{"href":"https:\/\/adidascombat.md\/ro\/wp-json\/wp\/v2\/media?parent=9548"}],"wp:term":[{"taxonomy":"product_brand","embeddable":true,"href":"https:\/\/adidascombat.md\/ro\/wp-json\/wp\/v2\/product_brand?post=9548"},{"taxonomy":"product_cat","embeddable":true,"href":"https:\/\/adidascombat.md\/ro\/wp-json\/wp\/v2\/product_cat?post=9548"},{"taxonomy":"product_tag","embeddable":true,"href":"https:\/\/adidascombat.md\/ro\/wp-json\/wp\/v2\/product_tag?post=9548"}],"curies":[{"name":"wp","href":"https:\/\/api.w.org\/{rel}","templated":true}]}}