{"id":9563,"date":"2024-04-24T08:08:50","date_gmt":"2024-04-24T08:08:50","guid":{"rendered":"https:\/\/adidascombat.md\/product\/adidas-shin-guard-artificial-leather-661-25\/"},"modified":"2024-10-29T17:48:11","modified_gmt":"2024-10-29T17:48:11","slug":"adidas-shin-guard-artificial-leather-661-25","status":"publish","type":"product","link":"https:\/\/adidascombat.md\/ro\/Produs\/adidas-shin-guard-artificial-leather-661-25\/","title":{"rendered":"Adidas shin guard artificial leather 661.25"},"content":{"rendered":"<p>Tibiei Adidas sunt confectionate din piele sintetica. Sistemul de \u00eenchidere cu 3 velcro asigur\u0103 o potrivire perfect\u0103.<\/p>\n<p>Disponibil de la XS &#8211; XL \u0219i \u00een ro\u0219u \u0219i albastru.<\/p>\n<p>Livrarea se face in perechi.<\/p>\n","protected":false},"excerpt":{"rendered":"<p>Tibiei Adidas sunt confectionate din piele sintetica. Sistemul de \u00eenchidere cu 3 velcro asigur\u0103 o potrivire perfect\u0103. Disponibil de la<\/p>\n","protected":false},"featured_media":9554,"comment_status":"open","ping_status":"closed","template":"","meta":[],"product_brand":[],"product_cat":[137,151],"product_tag":[],"class_list":{"0":"post-9563","1":"product","2":"type-product","3":"status-publish","4":"has-post-thumbnail","6":"product_cat-adidas-karate-ro","7":"product_cat-echipament-de-protectie-ro-2","9":"first","10":"instock","11":"shipping-taxable","12":"purchasable","13":"product-type-variable"},"_links":{"self":[{"href":"https:\/\/adidascombat.md\/ro\/wp-json\/wp\/v2\/product\/9563","targetHints":{"allow":["GET"]}}],"collection":[{"href":"https:\/\/adidascombat.md\/ro\/wp-json\/wp\/v2\/product"}],"about":[{"href":"https:\/\/adidascombat.md\/ro\/wp-json\/wp\/v2\/types\/product"}],"replies":[{"embeddable":true,"href":"https:\/\/adidascombat.md\/ro\/wp-json\/wp\/v2\/comments?post=9563"}],"version-history":[{"count":1,"href":"https:\/\/adidascombat.md\/ro\/wp-json\/wp\/v2\/product\/9563\/revisions"}],"predecessor-version":[{"id":21014,"href":"https:\/\/adidascombat.md\/ro\/wp-json\/wp\/v2\/product\/9563\/revisions\/21014"}],"wp:featuredmedia":[{"embeddable":true,"href":"https:\/\/adidascombat.md\/ro\/wp-json\/wp\/v2\/media\/9554"}],"wp:attachment":[{"href":"https:\/\/adidascombat.md\/ro\/wp-json\/wp\/v2\/media?parent=9563"}],"wp:term":[{"taxonomy":"product_brand","embeddable":true,"href":"https:\/\/adidascombat.md\/ro\/wp-json\/wp\/v2\/product_brand?post=9563"},{"taxonomy":"product_cat","embeddable":true,"href":"https:\/\/adidascombat.md\/ro\/wp-json\/wp\/v2\/product_cat?post=9563"},{"taxonomy":"product_tag","embeddable":true,"href":"https:\/\/adidascombat.md\/ro\/wp-json\/wp\/v2\/product_tag?post=9563"}],"curies":[{"name":"wp","href":"https:\/\/api.w.org\/{rel}","templated":true}]}}