{"id":9577,"date":"2024-04-24T08:13:28","date_gmt":"2024-04-24T08:13:28","guid":{"rendered":"https:\/\/adidascombat.md\/product\/adidas-karate-shin-instep-protector-wkf-approved-661-35\/"},"modified":"2024-10-29T18:00:49","modified_gmt":"2024-10-29T18:00:49","slug":"adidas-karate-shin-instep-protector-wkf-approved-661-35","status":"publish","type":"product","link":"https:\/\/adidascombat.md\/ro\/Produs\/adidas-karate-shin-instep-protector-wkf-approved-661-35\/","title":{"rendered":"Adidas karate shin &amp; instep protector WKF approved 661.35"},"content":{"rendered":"<p>Protec\u021bie PU anti-\u0219in\u0103 \u0219i anti-coup cu mai multe \u00eenchideri Velcro. Protec\u021bia pentru picioare poate fi separat\u0103 de tibie cu o \u00eenchidere Velcro. Aceasta \u00eenseamn\u0103 c\u0103 tibia \u0219i protec\u021bia pot fi folosite \u0219i separat.<\/p>\n<p>&#8211; Datorit\u0103 designului special, nu exist\u0103 frecare nepl\u0103cut\u0103 a piciorului<br \/>\n&#8211; Disponibil pe albastru sau ro\u0219u<br \/>\n&#8211; Aprobat WKF<\/p>\n","protected":false},"excerpt":{"rendered":"<p>Protec\u021bie PU anti-\u0219in\u0103 \u0219i anti-coup cu mai multe \u00eenchideri Velcro. Protec\u021bia pentru picioare poate fi separat\u0103 de tibie cu o<\/p>\n","protected":false},"featured_media":9515,"comment_status":"open","ping_status":"closed","template":"","meta":[],"product_brand":[],"product_cat":[137,151],"product_tag":[],"class_list":{"0":"post-9577","1":"product","2":"type-product","3":"status-publish","4":"has-post-thumbnail","6":"product_cat-adidas-karate-ro","7":"product_cat-echipament-de-protectie-ro-2","9":"first","10":"instock","11":"shipping-taxable","12":"purchasable","13":"product-type-variable"},"_links":{"self":[{"href":"https:\/\/adidascombat.md\/ro\/wp-json\/wp\/v2\/product\/9577","targetHints":{"allow":["GET"]}}],"collection":[{"href":"https:\/\/adidascombat.md\/ro\/wp-json\/wp\/v2\/product"}],"about":[{"href":"https:\/\/adidascombat.md\/ro\/wp-json\/wp\/v2\/types\/product"}],"replies":[{"embeddable":true,"href":"https:\/\/adidascombat.md\/ro\/wp-json\/wp\/v2\/comments?post=9577"}],"version-history":[{"count":1,"href":"https:\/\/adidascombat.md\/ro\/wp-json\/wp\/v2\/product\/9577\/revisions"}],"predecessor-version":[{"id":21041,"href":"https:\/\/adidascombat.md\/ro\/wp-json\/wp\/v2\/product\/9577\/revisions\/21041"}],"wp:featuredmedia":[{"embeddable":true,"href":"https:\/\/adidascombat.md\/ro\/wp-json\/wp\/v2\/media\/9515"}],"wp:attachment":[{"href":"https:\/\/adidascombat.md\/ro\/wp-json\/wp\/v2\/media?parent=9577"}],"wp:term":[{"taxonomy":"product_brand","embeddable":true,"href":"https:\/\/adidascombat.md\/ro\/wp-json\/wp\/v2\/product_brand?post=9577"},{"taxonomy":"product_cat","embeddable":true,"href":"https:\/\/adidascombat.md\/ro\/wp-json\/wp\/v2\/product_cat?post=9577"},{"taxonomy":"product_tag","embeddable":true,"href":"https:\/\/adidascombat.md\/ro\/wp-json\/wp\/v2\/product_tag?post=9577"}],"curies":[{"name":"wp","href":"https:\/\/api.w.org\/{rel}","templated":true}]}}