{"id":9586,"date":"2024-04-24T08:16:02","date_gmt":"2024-04-24T08:16:02","guid":{"rendered":"https:\/\/adidascombat.md\/product\/tokaido-shin-guard-kanji-wkf-license\/"},"modified":"2024-10-29T18:10:00","modified_gmt":"2024-10-29T18:10:00","slug":"tokaido-shin-guard-kanji-wkf-license","status":"publish","type":"product","link":"https:\/\/adidascombat.md\/ro\/Produs\/tokaido-shin-guard-kanji-wkf-license\/","title":{"rendered":"Tokaido shin guard Kanji, WKF license"},"content":{"rendered":"<p>Protec\u021bia piciorului specific\u0103 pentru karate, combinat\u0103 cu protec\u021bia tibiei, previne r\u0103nirea \u0219i ofer\u0103 un nivel ridicat de confort. Curelele cu velcro asigur\u0103 c\u0103 protec\u021biile se potrivesc perfect \u0219i nu alunec\u0103. Cea mai bun\u0103 alegere pentru antrenament \u0219i competi\u021bii (kumite).<\/p>\n<p>&#8211; Aprobare WKF<br \/>\n&#8211; Foarte usoara<br \/>\n&#8211; Forma anatomic\u0103 a nucleului<br \/>\n&#8211; Poliuretan stabil dimensional<br \/>\n&#8211; Foarte u\u0219or de \u00eengrijit<br \/>\n&#8211; Poate fi folosit si separat<br \/>\n&#8211; Disponibil \u00een culorile ro\u0219u \u0219i albastru<\/p>\n","protected":false},"excerpt":{"rendered":"<p>Protec\u021bia piciorului specific\u0103 pentru karate, combinat\u0103 cu protec\u021bia tibiei, previne r\u0103nirea \u0219i ofer\u0103 un nivel ridicat de confort. Curelele cu<\/p>\n","protected":false},"featured_media":9580,"comment_status":"open","ping_status":"closed","template":"","meta":[],"product_brand":[],"product_cat":[137,151],"product_tag":[],"class_list":{"0":"post-9586","1":"product","2":"type-product","3":"status-publish","4":"has-post-thumbnail","6":"product_cat-adidas-karate-ro","7":"product_cat-echipament-de-protectie-ro-2","9":"first","10":"instock","11":"shipping-taxable","12":"purchasable","13":"product-type-variable"},"_links":{"self":[{"href":"https:\/\/adidascombat.md\/ro\/wp-json\/wp\/v2\/product\/9586","targetHints":{"allow":["GET"]}}],"collection":[{"href":"https:\/\/adidascombat.md\/ro\/wp-json\/wp\/v2\/product"}],"about":[{"href":"https:\/\/adidascombat.md\/ro\/wp-json\/wp\/v2\/types\/product"}],"replies":[{"embeddable":true,"href":"https:\/\/adidascombat.md\/ro\/wp-json\/wp\/v2\/comments?post=9586"}],"version-history":[{"count":2,"href":"https:\/\/adidascombat.md\/ro\/wp-json\/wp\/v2\/product\/9586\/revisions"}],"predecessor-version":[{"id":21065,"href":"https:\/\/adidascombat.md\/ro\/wp-json\/wp\/v2\/product\/9586\/revisions\/21065"}],"wp:featuredmedia":[{"embeddable":true,"href":"https:\/\/adidascombat.md\/ro\/wp-json\/wp\/v2\/media\/9580"}],"wp:attachment":[{"href":"https:\/\/adidascombat.md\/ro\/wp-json\/wp\/v2\/media?parent=9586"}],"wp:term":[{"taxonomy":"product_brand","embeddable":true,"href":"https:\/\/adidascombat.md\/ro\/wp-json\/wp\/v2\/product_brand?post=9586"},{"taxonomy":"product_cat","embeddable":true,"href":"https:\/\/adidascombat.md\/ro\/wp-json\/wp\/v2\/product_cat?post=9586"},{"taxonomy":"product_tag","embeddable":true,"href":"https:\/\/adidascombat.md\/ro\/wp-json\/wp\/v2\/product_tag?post=9586"}],"curies":[{"name":"wp","href":"https:\/\/api.w.org\/{rel}","templated":true}]}}