{"id":9611,"date":"2024-04-24T08:22:02","date_gmt":"2024-04-24T08:22:02","guid":{"rendered":"https:\/\/adidascombat.md\/product\/manusi-ju-sports-karate-standard-albastru-rosu\/"},"modified":"2024-10-29T18:25:13","modified_gmt":"2024-10-29T18:25:13","slug":"manusi-ju-sports-karate-standard-albastru-rosu","status":"publish","type":"product","link":"https:\/\/adidascombat.md\/ro\/Produs\/manusi-ju-sports-karate-standard-albastru-rosu\/","title":{"rendered":"M\u0103nu\u0219i Ju-Sports Karate Standard albastru\/ro\u0219u\/alb"},"content":{"rendered":"<p>Protec\u021bie pentru m\u00e2ini din piele sintetic\u0103 de \u00eenalt\u0103 calitate de la Ju-Sports, ideal\u0103 pentru competi\u021bii!<\/p>\n<p>Particularitati:<br \/>\n&#8211; Aparat de maini de karate pentru utilizare in competitie<br \/>\n&#8211; Piele sintetic\u0103 durabil\u0103 rezist\u0103 utiliz\u0103rii grele<br \/>\n&#8211; Fixare foarte bun\u0103 a \u00eencheieturii m\u00e2inii cu o band\u0103 elastic\u0103 \u0219i fixare Velcro asigur\u0103 fixarea necesar\u0103<\/p>\n","protected":false},"excerpt":{"rendered":"<p>Protec\u021bie pentru m\u00e2ini din piele sintetic\u0103 de \u00eenalt\u0103 calitate de la Ju-Sports, ideal\u0103 pentru competi\u021bii! Particularitati: &#8211; Aparat de maini<\/p>\n","protected":false},"featured_media":9591,"comment_status":"open","ping_status":"closed","template":"","meta":[],"product_brand":[],"product_cat":[137,151],"product_tag":[],"class_list":{"0":"post-9611","1":"product","2":"type-product","3":"status-publish","4":"has-post-thumbnail","6":"product_cat-adidas-karate-ro","7":"product_cat-echipament-de-protectie-ro-2","9":"first","10":"instock","11":"shipping-taxable","12":"purchasable","13":"product-type-variable"},"_links":{"self":[{"href":"https:\/\/adidascombat.md\/ro\/wp-json\/wp\/v2\/product\/9611","targetHints":{"allow":["GET"]}}],"collection":[{"href":"https:\/\/adidascombat.md\/ro\/wp-json\/wp\/v2\/product"}],"about":[{"href":"https:\/\/adidascombat.md\/ro\/wp-json\/wp\/v2\/types\/product"}],"replies":[{"embeddable":true,"href":"https:\/\/adidascombat.md\/ro\/wp-json\/wp\/v2\/comments?post=9611"}],"version-history":[{"count":2,"href":"https:\/\/adidascombat.md\/ro\/wp-json\/wp\/v2\/product\/9611\/revisions"}],"predecessor-version":[{"id":21115,"href":"https:\/\/adidascombat.md\/ro\/wp-json\/wp\/v2\/product\/9611\/revisions\/21115"}],"wp:featuredmedia":[{"embeddable":true,"href":"https:\/\/adidascombat.md\/ro\/wp-json\/wp\/v2\/media\/9591"}],"wp:attachment":[{"href":"https:\/\/adidascombat.md\/ro\/wp-json\/wp\/v2\/media?parent=9611"}],"wp:term":[{"taxonomy":"product_brand","embeddable":true,"href":"https:\/\/adidascombat.md\/ro\/wp-json\/wp\/v2\/product_brand?post=9611"},{"taxonomy":"product_cat","embeddable":true,"href":"https:\/\/adidascombat.md\/ro\/wp-json\/wp\/v2\/product_cat?post=9611"},{"taxonomy":"product_tag","embeddable":true,"href":"https:\/\/adidascombat.md\/ro\/wp-json\/wp\/v2\/product_tag?post=9611"}],"curies":[{"name":"wp","href":"https:\/\/api.w.org\/{rel}","templated":true}]}}