{"id":9639,"date":"2024-04-24T08:28:46","date_gmt":"2024-04-24T08:28:46","guid":{"rendered":"https:\/\/adidascombat.md\/product\/manusi-adidas-kumite-training-661-11-rosu\/"},"modified":"2024-10-31T16:59:30","modified_gmt":"2024-10-31T16:59:30","slug":"manusi-adidas-kumite-training-661-11-rosu","status":"publish","type":"product","link":"https:\/\/adidascombat.md\/ro\/Produs\/manusi-adidas-kumite-training-661-11-rosu\/","title":{"rendered":"M\u0103nu\u0219i adidas kumite training 661.11 ro\u0219u"},"content":{"rendered":"<p>Protectia pumnului de karate adidas Kumite vine \u00een piele artificial\u0103 ro\u0219ie.<\/p>\n<p>Cu dou\u0103 bucle pentru degete.<\/p>\n<p>\u00cenchiderea cu velcro la \u00eencheietura m\u00e2inii asigur\u0103 o potrivire sigur\u0103.<\/p>\n","protected":false},"excerpt":{"rendered":"<p>Protectia pumnului de karate adidas Kumite vine \u00een piele artificial\u0103 ro\u0219ie. Cu dou\u0103 bucle pentru degete. \u00cenchiderea cu velcro la<\/p>\n","protected":false},"featured_media":9634,"comment_status":"open","ping_status":"closed","template":"","meta":[],"product_brand":[],"product_cat":[137,151],"product_tag":[],"class_list":{"0":"post-9639","1":"product","2":"type-product","3":"status-publish","4":"has-post-thumbnail","6":"product_cat-adidas-karate-ro","7":"product_cat-echipament-de-protectie-ro-2","9":"first","10":"instock","11":"shipping-taxable","12":"purchasable","13":"product-type-variable"},"_links":{"self":[{"href":"https:\/\/adidascombat.md\/ro\/wp-json\/wp\/v2\/product\/9639","targetHints":{"allow":["GET"]}}],"collection":[{"href":"https:\/\/adidascombat.md\/ro\/wp-json\/wp\/v2\/product"}],"about":[{"href":"https:\/\/adidascombat.md\/ro\/wp-json\/wp\/v2\/types\/product"}],"replies":[{"embeddable":true,"href":"https:\/\/adidascombat.md\/ro\/wp-json\/wp\/v2\/comments?post=9639"}],"version-history":[{"count":2,"href":"https:\/\/adidascombat.md\/ro\/wp-json\/wp\/v2\/product\/9639\/revisions"}],"predecessor-version":[{"id":21129,"href":"https:\/\/adidascombat.md\/ro\/wp-json\/wp\/v2\/product\/9639\/revisions\/21129"}],"wp:featuredmedia":[{"embeddable":true,"href":"https:\/\/adidascombat.md\/ro\/wp-json\/wp\/v2\/media\/9634"}],"wp:attachment":[{"href":"https:\/\/adidascombat.md\/ro\/wp-json\/wp\/v2\/media?parent=9639"}],"wp:term":[{"taxonomy":"product_brand","embeddable":true,"href":"https:\/\/adidascombat.md\/ro\/wp-json\/wp\/v2\/product_brand?post=9639"},{"taxonomy":"product_cat","embeddable":true,"href":"https:\/\/adidascombat.md\/ro\/wp-json\/wp\/v2\/product_cat?post=9639"},{"taxonomy":"product_tag","embeddable":true,"href":"https:\/\/adidascombat.md\/ro\/wp-json\/wp\/v2\/product_tag?post=9639"}],"curies":[{"name":"wp","href":"https:\/\/api.w.org\/{rel}","templated":true}]}}