{"id":9645,"date":"2024-04-24T08:31:39","date_gmt":"2024-04-24T08:31:39","guid":{"rendered":"https:\/\/adidascombat.md\/product\/manusi-adidas-kumite-training-661-11-albastru\/"},"modified":"2024-10-31T17:12:48","modified_gmt":"2024-10-31T17:12:48","slug":"manusi-adidas-kumite-training-661-11-albastru","status":"publish","type":"product","link":"https:\/\/adidascombat.md\/ro\/Produs\/manusi-adidas-kumite-training-661-11-albastru\/","title":{"rendered":"M\u0103nu\u0219i adidas kumite training 661.11 albastru"},"content":{"rendered":"<p>Protectia pumnului de karate adidas Kumite vine \u00een piele artificial\u0103 albastr\u0103.<\/p>\n<p>Cu dou\u0103 bucle pentru degete.<\/p>\n<p>\u00cenchiderea cu velcro la \u00eencheietura m\u00e2inii asigur\u0103 o potrivire sigur\u0103.<\/p>\n","protected":false},"excerpt":{"rendered":"<p>Protectia pumnului de karate adidas Kumite vine \u00een piele artificial\u0103 albastr\u0103. Cu dou\u0103 bucle pentru degete. \u00cenchiderea cu velcro la<\/p>\n","protected":false},"featured_media":9642,"comment_status":"open","ping_status":"closed","template":"","meta":[],"product_brand":[],"product_cat":[137,151],"product_tag":[],"class_list":{"0":"post-9645","1":"product","2":"type-product","3":"status-publish","4":"has-post-thumbnail","6":"product_cat-adidas-karate-ro","7":"product_cat-echipament-de-protectie-ro-2","9":"first","10":"instock","11":"shipping-taxable","12":"purchasable","13":"product-type-variable"},"_links":{"self":[{"href":"https:\/\/adidascombat.md\/ro\/wp-json\/wp\/v2\/product\/9645","targetHints":{"allow":["GET"]}}],"collection":[{"href":"https:\/\/adidascombat.md\/ro\/wp-json\/wp\/v2\/product"}],"about":[{"href":"https:\/\/adidascombat.md\/ro\/wp-json\/wp\/v2\/types\/product"}],"replies":[{"embeddable":true,"href":"https:\/\/adidascombat.md\/ro\/wp-json\/wp\/v2\/comments?post=9645"}],"version-history":[{"count":1,"href":"https:\/\/adidascombat.md\/ro\/wp-json\/wp\/v2\/product\/9645\/revisions"}],"predecessor-version":[{"id":21143,"href":"https:\/\/adidascombat.md\/ro\/wp-json\/wp\/v2\/product\/9645\/revisions\/21143"}],"wp:featuredmedia":[{"embeddable":true,"href":"https:\/\/adidascombat.md\/ro\/wp-json\/wp\/v2\/media\/9642"}],"wp:attachment":[{"href":"https:\/\/adidascombat.md\/ro\/wp-json\/wp\/v2\/media?parent=9645"}],"wp:term":[{"taxonomy":"product_brand","embeddable":true,"href":"https:\/\/adidascombat.md\/ro\/wp-json\/wp\/v2\/product_brand?post=9645"},{"taxonomy":"product_cat","embeddable":true,"href":"https:\/\/adidascombat.md\/ro\/wp-json\/wp\/v2\/product_cat?post=9645"},{"taxonomy":"product_tag","embeddable":true,"href":"https:\/\/adidascombat.md\/ro\/wp-json\/wp\/v2\/product_tag?post=9645"}],"curies":[{"name":"wp","href":"https:\/\/api.w.org\/{rel}","templated":true}]}}