{"id":9682,"date":"2024-04-24T08:37:42","date_gmt":"2024-04-24T08:37:42","guid":{"rendered":"https:\/\/adidascombat.md\/product\/manusi-ju-sports-karate-competition-albastru-rosu\/"},"modified":"2024-10-31T17:40:56","modified_gmt":"2024-10-31T17:40:56","slug":"manusi-ju-sports-karate-competition-albastru-rosu","status":"publish","type":"product","link":"https:\/\/adidascombat.md\/ro\/Produs\/manusi-ju-sports-karate-competition-albastru-rosu\/","title":{"rendered":"M\u0103nu\u0219i Ju-Sports Karate Competition albastru\/ro\u0219u"},"content":{"rendered":"<p>Protec\u021bie pentru m\u00e2ini de \u00eenalt\u0103 calitate cu protec\u021bie pentru degetul mare conform specifica\u021biilor federa\u021biilor interna\u021bionale, ideal\u0103 pentru competi\u021bii!<\/p>\n<p>Particularitati:<br \/>\n&#8211; Aparat de maini de karate pentru utilizare in competitie<br \/>\n&#8211; Piele sintetic\u0103 durabil\u0103 rezist\u0103 utiliz\u0103rii grele<br \/>\n&#8211; Fixare foarte bun\u0103 a \u00eencheieturii m\u00e2inii cu o band\u0103 elastic\u0103 \u0219i fixare Velcro asigur\u0103 fixarea necesar\u0103<br \/>\ncu protectie pentru degetul mare<\/p>\n","protected":false},"excerpt":{"rendered":"<p>Protec\u021bie pentru m\u00e2ini de \u00eenalt\u0103 calitate cu protec\u021bie pentru degetul mare conform specifica\u021biilor federa\u021biilor interna\u021bionale, ideal\u0103 pentru competi\u021bii! Particularitati: &#8211;<\/p>\n","protected":false},"featured_media":9654,"comment_status":"open","ping_status":"closed","template":"","meta":[],"product_brand":[],"product_cat":[137,151],"product_tag":[],"class_list":{"0":"post-9682","1":"product","2":"type-product","3":"status-publish","4":"has-post-thumbnail","6":"product_cat-adidas-karate-ro","7":"product_cat-echipament-de-protectie-ro-2","9":"first","10":"instock","11":"shipping-taxable","12":"purchasable","13":"product-type-variable"},"_links":{"self":[{"href":"https:\/\/adidascombat.md\/ro\/wp-json\/wp\/v2\/product\/9682","targetHints":{"allow":["GET"]}}],"collection":[{"href":"https:\/\/adidascombat.md\/ro\/wp-json\/wp\/v2\/product"}],"about":[{"href":"https:\/\/adidascombat.md\/ro\/wp-json\/wp\/v2\/types\/product"}],"replies":[{"embeddable":true,"href":"https:\/\/adidascombat.md\/ro\/wp-json\/wp\/v2\/comments?post=9682"}],"version-history":[{"count":1,"href":"https:\/\/adidascombat.md\/ro\/wp-json\/wp\/v2\/product\/9682\/revisions"}],"predecessor-version":[{"id":21184,"href":"https:\/\/adidascombat.md\/ro\/wp-json\/wp\/v2\/product\/9682\/revisions\/21184"}],"wp:featuredmedia":[{"embeddable":true,"href":"https:\/\/adidascombat.md\/ro\/wp-json\/wp\/v2\/media\/9654"}],"wp:attachment":[{"href":"https:\/\/adidascombat.md\/ro\/wp-json\/wp\/v2\/media?parent=9682"}],"wp:term":[{"taxonomy":"product_brand","embeddable":true,"href":"https:\/\/adidascombat.md\/ro\/wp-json\/wp\/v2\/product_brand?post=9682"},{"taxonomy":"product_cat","embeddable":true,"href":"https:\/\/adidascombat.md\/ro\/wp-json\/wp\/v2\/product_cat?post=9682"},{"taxonomy":"product_tag","embeddable":true,"href":"https:\/\/adidascombat.md\/ro\/wp-json\/wp\/v2\/product_tag?post=9682"}],"curies":[{"name":"wp","href":"https:\/\/api.w.org\/{rel}","templated":true}]}}