{"id":9708,"date":"2024-04-24T08:48:13","date_gmt":"2024-04-24T08:48:13","guid":{"rendered":"https:\/\/adidascombat.md\/product\/manusi-adidas-kumite-mitts-wkf-approved-661-22-albastru-rosu\/"},"modified":"2024-11-05T07:35:37","modified_gmt":"2024-11-05T07:35:37","slug":"manusi-adidas-kumite-mitts-wkf-approved-661-22-albastru-rosu","status":"publish","type":"product","link":"https:\/\/adidascombat.md\/ro\/Produs\/manusi-adidas-kumite-mitts-wkf-approved-661-22-albastru-rosu\/","title":{"rendered":"M\u0103nu\u0219i adidas kumite mitts WKF approved 661.22 albastru\/ro\u0219u"},"content":{"rendered":"<p>adidas Kumite Karate Knuckle Guard din piele sintetic\u0103 ro\u0219ie sau albastr\u0103.<\/p>\n<p>Cu dou\u0103 bucle pentru degete.<br \/>\n\u00cenchiderea cu velcro la \u00eencheietura m\u00e2inii asigur\u0103 o potrivire sigur\u0103.<br \/>\nLicen\u021ba WKF (World Karate Federation) garanteaz\u0103 posibilitatea de a juca \u00een fiecare turneu.<\/p>\n","protected":false},"excerpt":{"rendered":"<p>adidas Kumite Karate Knuckle Guard din piele sintetic\u0103 ro\u0219ie sau albastr\u0103. Cu dou\u0103 bucle pentru degete. \u00cenchiderea cu velcro la<\/p>\n","protected":false},"featured_media":21213,"comment_status":"open","ping_status":"closed","template":"","meta":[],"product_brand":[],"product_cat":[137,151],"product_tag":[],"class_list":{"0":"post-9708","1":"product","2":"type-product","3":"status-publish","4":"has-post-thumbnail","6":"product_cat-adidas-karate-ro","7":"product_cat-echipament-de-protectie-ro-2","9":"first","10":"instock","11":"shipping-taxable","12":"purchasable","13":"product-type-variable"},"_links":{"self":[{"href":"https:\/\/adidascombat.md\/ro\/wp-json\/wp\/v2\/product\/9708","targetHints":{"allow":["GET"]}}],"collection":[{"href":"https:\/\/adidascombat.md\/ro\/wp-json\/wp\/v2\/product"}],"about":[{"href":"https:\/\/adidascombat.md\/ro\/wp-json\/wp\/v2\/types\/product"}],"replies":[{"embeddable":true,"href":"https:\/\/adidascombat.md\/ro\/wp-json\/wp\/v2\/comments?post=9708"}],"version-history":[{"count":2,"href":"https:\/\/adidascombat.md\/ro\/wp-json\/wp\/v2\/product\/9708\/revisions"}],"predecessor-version":[{"id":21220,"href":"https:\/\/adidascombat.md\/ro\/wp-json\/wp\/v2\/product\/9708\/revisions\/21220"}],"wp:featuredmedia":[{"embeddable":true,"href":"https:\/\/adidascombat.md\/ro\/wp-json\/wp\/v2\/media\/21213"}],"wp:attachment":[{"href":"https:\/\/adidascombat.md\/ro\/wp-json\/wp\/v2\/media?parent=9708"}],"wp:term":[{"taxonomy":"product_brand","embeddable":true,"href":"https:\/\/adidascombat.md\/ro\/wp-json\/wp\/v2\/product_brand?post=9708"},{"taxonomy":"product_cat","embeddable":true,"href":"https:\/\/adidascombat.md\/ro\/wp-json\/wp\/v2\/product_cat?post=9708"},{"taxonomy":"product_tag","embeddable":true,"href":"https:\/\/adidascombat.md\/ro\/wp-json\/wp\/v2\/product_tag?post=9708"}],"curies":[{"name":"wp","href":"https:\/\/api.w.org\/{rel}","templated":true}]}}