{"id":9718,"date":"2024-04-24T08:51:41","date_gmt":"2024-04-24T08:51:41","guid":{"rendered":"https:\/\/adidascombat.md\/product\/tokaido-karate-fist-guard-kanji-wkf-license\/"},"modified":"2024-11-05T07:41:27","modified_gmt":"2024-11-05T07:41:27","slug":"tokaido-karate-fist-guard-kanji-wkf-license","status":"publish","type":"product","link":"https:\/\/adidascombat.md\/ro\/Produs\/tokaido-karate-fist-guard-kanji-wkf-license\/","title":{"rendered":"Tokaido karate fist guard Kanji, WKF license"},"content":{"rendered":"<p>Ap\u0103r\u0103toare u\u0219oare pentru pumni de karate de la Tokaido, cu propriet\u0103\u021bi excelente de amortizare. Miezul interior din spum\u0103 asigur\u0103 o absorb\u021bie optim\u0103 a \u0219ocurilor. Husa exterioar\u0103 rezistent\u0103 la ap\u0103 \u0219i transpira\u021bie, realizat\u0103 din piele sintetic\u0103 durabil\u0103, ofer\u0103 protectorului de m\u00e2ini durabilitatea de care are nevoie.<\/p>\n<p>&#8211; Aprobare WKF<br \/>\n&#8211; Proiectat pentru Kumite<br \/>\n&#8211; Pentru competi\u021bie<br \/>\n&#8211; \u00cenchidere cu velcro anti-alunecare<br \/>\n&#8211; Disponibil \u00een culorile albastru \u0219i ro\u0219u<\/p>\n","protected":false},"excerpt":{"rendered":"<p>Ap\u0103r\u0103toare u\u0219oare pentru pumni de karate de la Tokaido, cu propriet\u0103\u021bi excelente de amortizare. Miezul interior din spum\u0103 asigur\u0103 o<\/p>\n","protected":false},"featured_media":9712,"comment_status":"open","ping_status":"closed","template":"","meta":[],"product_brand":[],"product_cat":[137,151],"product_tag":[],"class_list":{"0":"post-9718","1":"product","2":"type-product","3":"status-publish","4":"has-post-thumbnail","6":"product_cat-adidas-karate-ro","7":"product_cat-echipament-de-protectie-ro-2","9":"first","10":"instock","11":"shipping-taxable","12":"purchasable","13":"product-type-variable"},"_links":{"self":[{"href":"https:\/\/adidascombat.md\/ro\/wp-json\/wp\/v2\/product\/9718","targetHints":{"allow":["GET"]}}],"collection":[{"href":"https:\/\/adidascombat.md\/ro\/wp-json\/wp\/v2\/product"}],"about":[{"href":"https:\/\/adidascombat.md\/ro\/wp-json\/wp\/v2\/types\/product"}],"replies":[{"embeddable":true,"href":"https:\/\/adidascombat.md\/ro\/wp-json\/wp\/v2\/comments?post=9718"}],"version-history":[{"count":1,"href":"https:\/\/adidascombat.md\/ro\/wp-json\/wp\/v2\/product\/9718\/revisions"}],"predecessor-version":[{"id":21243,"href":"https:\/\/adidascombat.md\/ro\/wp-json\/wp\/v2\/product\/9718\/revisions\/21243"}],"wp:featuredmedia":[{"embeddable":true,"href":"https:\/\/adidascombat.md\/ro\/wp-json\/wp\/v2\/media\/9712"}],"wp:attachment":[{"href":"https:\/\/adidascombat.md\/ro\/wp-json\/wp\/v2\/media?parent=9718"}],"wp:term":[{"taxonomy":"product_brand","embeddable":true,"href":"https:\/\/adidascombat.md\/ro\/wp-json\/wp\/v2\/product_brand?post=9718"},{"taxonomy":"product_cat","embeddable":true,"href":"https:\/\/adidascombat.md\/ro\/wp-json\/wp\/v2\/product_cat?post=9718"},{"taxonomy":"product_tag","embeddable":true,"href":"https:\/\/adidascombat.md\/ro\/wp-json\/wp\/v2\/product_tag?post=9718"}],"curies":[{"name":"wp","href":"https:\/\/api.w.org\/{rel}","templated":true}]}}