{"id":9787,"date":"2024-04-24T09:15:26","date_gmt":"2024-04-24T09:15:26","guid":{"rendered":"https:\/\/adidascombat.md\/product\/adidas-karate-protectie-corp-adibp03-2-0-wkf\/"},"modified":"2024-11-05T08:29:29","modified_gmt":"2024-11-05T08:29:29","slug":"adidas-karate-protectie-corp-adibp03-2-0-wkf","status":"publish","type":"product","link":"https:\/\/adidascombat.md\/ro\/Produs\/adidas-karate-protectie-corp-adibp03-2-0-wkf\/","title":{"rendered":"Adidas karate protec\u021bie corp adiBP03 2.0 WKF"},"content":{"rendered":"<p>O vest\u0103 de karate adidas evoluat\u0103. Desigur, WKF a aprobat. Bodyprotectorul are cea mai bun\u0103 potrivire \u0219i poate fi ajustat pe um\u0103rul drept \u0219i \u00een st\u00e2nga \u0219i \u00een dreapta sub bra\u021be folosind elemente de fixare Velcro. Acest lucru \u00eei permite s\u0103 se adapteze \u0219i mai bine corpului \u0219i ofer\u0103 un confort deosebit de ridicat la purtare.<\/p>\n<p>Aprobat WKF<br \/>\nReglare \u00een 3 pozi\u021bii<\/p>\n","protected":false},"excerpt":{"rendered":"<p>O vest\u0103 de karate adidas evoluat\u0103. Desigur, WKF a aprobat. Bodyprotectorul are cea mai bun\u0103 potrivire \u0219i poate fi ajustat<\/p>\n","protected":false},"featured_media":9777,"comment_status":"open","ping_status":"closed","template":"","meta":[],"product_brand":[],"product_cat":[137,151],"product_tag":[],"class_list":{"0":"post-9787","1":"product","2":"type-product","3":"status-publish","4":"has-post-thumbnail","6":"product_cat-adidas-karate-ro","7":"product_cat-echipament-de-protectie-ro-2","9":"first","10":"instock","11":"shipping-taxable","12":"purchasable","13":"product-type-variable"},"_links":{"self":[{"href":"https:\/\/adidascombat.md\/ro\/wp-json\/wp\/v2\/product\/9787","targetHints":{"allow":["GET"]}}],"collection":[{"href":"https:\/\/adidascombat.md\/ro\/wp-json\/wp\/v2\/product"}],"about":[{"href":"https:\/\/adidascombat.md\/ro\/wp-json\/wp\/v2\/types\/product"}],"replies":[{"embeddable":true,"href":"https:\/\/adidascombat.md\/ro\/wp-json\/wp\/v2\/comments?post=9787"}],"version-history":[{"count":1,"href":"https:\/\/adidascombat.md\/ro\/wp-json\/wp\/v2\/product\/9787\/revisions"}],"predecessor-version":[{"id":21334,"href":"https:\/\/adidascombat.md\/ro\/wp-json\/wp\/v2\/product\/9787\/revisions\/21334"}],"wp:featuredmedia":[{"embeddable":true,"href":"https:\/\/adidascombat.md\/ro\/wp-json\/wp\/v2\/media\/9777"}],"wp:attachment":[{"href":"https:\/\/adidascombat.md\/ro\/wp-json\/wp\/v2\/media?parent=9787"}],"wp:term":[{"taxonomy":"product_brand","embeddable":true,"href":"https:\/\/adidascombat.md\/ro\/wp-json\/wp\/v2\/product_brand?post=9787"},{"taxonomy":"product_cat","embeddable":true,"href":"https:\/\/adidascombat.md\/ro\/wp-json\/wp\/v2\/product_cat?post=9787"},{"taxonomy":"product_tag","embeddable":true,"href":"https:\/\/adidascombat.md\/ro\/wp-json\/wp\/v2\/product_tag?post=9787"}],"curies":[{"name":"wp","href":"https:\/\/api.w.org\/{rel}","templated":true}]}}