{"id":9962,"date":"2024-04-24T11:17:10","date_gmt":"2024-04-24T11:17:10","guid":{"rendered":"https:\/\/adidascombat.md\/product\/paleta-ju-sports-taekwondo-single-carbon\/"},"modified":"2024-07-12T11:09:09","modified_gmt":"2024-07-12T11:09:09","slug":"paleta-ju-sports-taekwondo-single-carbon","status":"publish","type":"product","link":"https:\/\/adidascombat.md\/ro\/Produs\/paleta-ju-sports-taekwondo-single-carbon\/","title":{"rendered":"Palet\u0103 Ju-Sports Taekwondo Single Carbon"},"content":{"rendered":"<p><strong><span class=\"jCAhz JxVs2d ChMk0b\"><span class=\"ryNqvb\">Ju-Sports Taekwondo Single Target Pad Carbon <\/span><\/span><\/strong><\/p>\n<p><span class=\"jCAhz JxVs2d ChMk0b\"><span class=\"ryNqvb\">M\u0103nu\u0219\u0103 din piele artificial\u0103 durabil\u0103, de \u00eenalt\u0103 calitate, cu o singur\u0103 m\u00e2n\u0103. <\/span><\/span><\/p>\n<p><span class=\"jCAhz JxVs2d ChMk0b\"><span class=\"ryNqvb\">\u00a0Designul din fibr\u0103 de carbon \u00eei confer\u0103 lui Pratze un aspect grozav. <\/span><\/span><\/p>\n<p><span class=\"jCAhz JxVs2d ChMk0b\"><span class=\"ryNqvb\">\u00a0M\u0103nu\u0219a are bucle pentru o prindere optim\u0103. <\/span><\/span><\/p>\n<p><span class=\"jCAhz JxVs2d ChMk0b\"><span class=\"ryNqvb\">\u00a0 Lungimea total\u0103 este de aproximativ 40 cm, diametrul centrului din fa\u021b\u0103 este de aproximativ 22 cm.<\/span><\/span><\/p>\n","protected":false},"excerpt":{"rendered":"<p>Ju-Sports Taekwondo Single Target Pad Carbon M\u0103nu\u0219\u0103 din piele artificial\u0103 durabil\u0103, de \u00eenalt\u0103 calitate, cu o singur\u0103 m\u00e2n\u0103. \u00a0Designul din<\/p>\n","protected":false},"featured_media":9955,"comment_status":"open","ping_status":"closed","template":"","meta":[],"product_brand":[],"product_cat":[137,79,97,141],"product_tag":[],"class_list":{"0":"post-9962","1":"product","2":"type-product","3":"status-publish","4":"has-post-thumbnail","6":"product_cat-adidas-karate-ro","7":"product_cat-adidas-taekwondo-ro","8":"product_cat-manusi-si-scuturi","9":"product_cat-manusi-si-scuturi-ro","11":"first","12":"instock","13":"shipping-taxable","14":"purchasable","15":"product-type-simple"},"_links":{"self":[{"href":"https:\/\/adidascombat.md\/ro\/wp-json\/wp\/v2\/product\/9962","targetHints":{"allow":["GET"]}}],"collection":[{"href":"https:\/\/adidascombat.md\/ro\/wp-json\/wp\/v2\/product"}],"about":[{"href":"https:\/\/adidascombat.md\/ro\/wp-json\/wp\/v2\/types\/product"}],"replies":[{"embeddable":true,"href":"https:\/\/adidascombat.md\/ro\/wp-json\/wp\/v2\/comments?post=9962"}],"version-history":[{"count":1,"href":"https:\/\/adidascombat.md\/ro\/wp-json\/wp\/v2\/product\/9962\/revisions"}],"predecessor-version":[{"id":13743,"href":"https:\/\/adidascombat.md\/ro\/wp-json\/wp\/v2\/product\/9962\/revisions\/13743"}],"wp:featuredmedia":[{"embeddable":true,"href":"https:\/\/adidascombat.md\/ro\/wp-json\/wp\/v2\/media\/9955"}],"wp:attachment":[{"href":"https:\/\/adidascombat.md\/ro\/wp-json\/wp\/v2\/media?parent=9962"}],"wp:term":[{"taxonomy":"product_brand","embeddable":true,"href":"https:\/\/adidascombat.md\/ro\/wp-json\/wp\/v2\/product_brand?post=9962"},{"taxonomy":"product_cat","embeddable":true,"href":"https:\/\/adidascombat.md\/ro\/wp-json\/wp\/v2\/product_cat?post=9962"},{"taxonomy":"product_tag","embeddable":true,"href":"https:\/\/adidascombat.md\/ro\/wp-json\/wp\/v2\/product_tag?post=9962"}],"curies":[{"name":"wp","href":"https:\/\/api.w.org\/{rel}","templated":true}]}}